{"id":100,"date":"2021-06-08T14:55:02","date_gmt":"2021-06-08T17:55:02","guid":{"rendered":"https:\/\/cinemadosquilombos.wordpress.com\/?page_id=100"},"modified":"2023-06-15T18:22:15","modified_gmt":"2023-06-15T21:22:15","slug":"cinema-dos-quilombos","status":"publish","type":"page","link":"https:\/\/cinemadosquilombos.com.br\/index.php\/cinema-dos-quilombos\/","title":{"rendered":"Cinema dos Quilombos"},"content":{"rendered":"\n<div class=\"wp-block-cover alignfull is-light is-style-default\"><span aria-hidden=\"true\" class=\"wp-block-cover__background has-background-dim-0 has-background-dim\"><\/span><img decoding=\"async\" class=\"wp-block-cover__image-background wp-image-125\" alt=\"\" src=\"https:\/\/cinemadosquilombos.files.wordpress.com\/2021\/06\/33716201_1794904033908689_1487496046761213952_n.jpg\" data-object-fit=\"cover\"\/><div class=\"wp-block-cover__inner-container is-layout-flow wp-block-cover-is-layout-flow\">\n<p class=\"has-text-align-center has-large-font-size\"><\/p>\n<\/div><\/div>\n\n\n\n<div class=\"wp-block-group alignfull has-background-background-color has-background is-layout-flow wp-block-group-is-layout-flow\">\n<div style=\"height:64px\" aria-hidden=\"true\" class=\"wp-block-spacer\"><\/div>\n\n\n\n<div class=\"wp-block-jetpack-layout-grid alignfull column1-desktop-grid__span-10 column1-desktop-grid__start-2 column1-desktop-grid__row-1 column1-tablet-grid__span-8 column1-tablet-grid__row-1 column1-mobile-grid__span-4 column1-mobile-grid__row-1\">\n<div class=\"wp-block-jetpack-layout-grid-column wp-block-jetpack-layout-grid__padding-none\">\n<p class=\"has-text-align-center has-large-font-size\"><a href=\"https:\/\/cinemadosquilombos.com.br\/index.php\/3a-mostra\/\">Acesse a programa\u00e7\u00e3o da 3\u00aa Mostra Cinema dos Quilombos<\/a><\/p>\n\n\n\n<p><\/p>\n\n\n\n<h1 class=\"wp-block-heading has-text-align-center\">O projeto Cinema dos Quilombos dedica-se a incentivar e difundir o cinema realizado nos territ\u00f3rios quilombolas.<\/h1>\n<\/div>\n<\/div>\n\n\n\n<p class=\"has-text-align-center\">Nosso trabalho \u00e9 realizar oficinas audiovisuais em comunidades quilombolas, promover um cont\u00ednuo levantamento das obras existentes e organizar mostras com os filmes feitos por quilombolas e n\u00e3o-quilombolas aliados.<\/p>\n\n\n\n<div style=\"height:64px\" aria-hidden=\"true\" class=\"wp-block-spacer\"><\/div>\n<\/div>\n\n\n\n<div class=\"wp-block-group alignfull is-layout-flow wp-block-group-is-layout-flow\">\n<div class=\"wp-block-jetpack-layout-grid alignfull column1-desktop-grid__span-4 column1-desktop-grid__row-1 column2-desktop-grid__span-4 column2-desktop-grid__start-5 column2-desktop-grid__row-1 column3-desktop-grid__span-4 column3-desktop-grid__start-9 column3-desktop-grid__row-1 column1-tablet-grid__span-4 column1-tablet-grid__row-1 column2-tablet-grid__span-4 column2-tablet-grid__start-5 column2-tablet-grid__row-1 column3-tablet-grid__span-8 column3-tablet-grid__row-2 column1-mobile-grid__span-4 column1-mobile-grid__row-1 column2-mobile-grid__span-4 column2-mobile-grid__row-2 column3-mobile-grid__span-4 column3-mobile-grid__row-3\">\n<div class=\"wp-block-jetpack-layout-grid-column wp-block-jetpack-layout-grid__padding-large\">\n<figure class=\"wp-block-image size-large\"><img decoding=\"async\" src=\"https:\/\/cinemadosquilombos.files.wordpress.com\/2021\/06\/33742539_1794901460575613_2628251717199724544_n-1.jpg?w=1024\" alt=\"\" class=\"wp-image-138\"\/><\/figure>\n\n\n\n<h4 class=\"wp-block-heading\">Mostras<\/h4>\n\n\n\n<p class=\"has-small-font-size\">De sess\u00f5es itinerantes nos territ\u00f3rios aos cinemas nas cidades, os filmes quilombolas circulam. Acesse nossa se\u00e7\u00e3o de mostras de filmes.<\/p>\n<\/div>\n\n\n\n<div class=\"wp-block-jetpack-layout-grid-column wp-block-jetpack-layout-grid__padding-large\">\n<figure class=\"wp-block-image size-large\"><img decoding=\"async\" src=\"https:\/\/cinemadosquilombos.files.wordpress.com\/2021\/06\/33685101_1794901767242249_3217275665455775744_n.jpg?w=1024\" alt=\"\" class=\"wp-image-137\"\/><\/figure>\n\n\n\n<h4 class=\"wp-block-heading\">Oficinas<\/h4>\n\n\n\n<p class=\"has-small-font-size\"><a href=\"https:\/\/www.youtube.com\/@cinemadosquilombos6102\/videos\">Assista<\/a> aos filmes que foram produzidos em oficinas realizadas em quilombos.<\/p>\n<\/div>\n\n\n\n<div class=\"wp-block-jetpack-layout-grid-column wp-block-jetpack-layout-grid__padding-large\">\n<figure class=\"wp-block-image size-large\"><img decoding=\"async\" src=\"https:\/\/cinemadosquilombos.files.wordpress.com\/2021\/06\/33748833_1794903140575445_5076008614901055488_o.jpg?w=1024\" alt=\"\" class=\"wp-image-118\"\/><\/figure>\n\n\n\n<h4 class=\"wp-block-heading\">Chamado para filmes<\/h4>\n\n\n\n<p class=\"has-small-font-size\">A partir de um chamado aberto ininterruptamente recebemos filmes que alimentam as mostras. <a href=\"https:\/\/cinemadosquilombos.com.br\/index.php\/convocatoria-de-filmes\/\">Envie<\/a> sua obra!<\/p>\n<\/div>\n<\/div>\n<\/div>\n\n\n\n<div style=\"height:96px\" aria-hidden=\"true\" class=\"wp-block-spacer\"><\/div>\n\n\n\n<div class=\"wp-block-group alignfull has-background-light-background-color has-background is-layout-flow wp-block-group-is-layout-flow\">\n<div class=\"wp-block-jetpack-layout-grid alignfull column1-desktop-grid__span-8 column1-desktop-grid__start-3 column1-desktop-grid__row-1 column1-tablet-grid__span-8 column1-tablet-grid__row-1 column1-mobile-grid__span-4 column1-mobile-grid__row-1\">\n<div class=\"wp-block-jetpack-layout-grid-column wp-block-jetpack-layout-grid__padding-none\">\n<div style=\"height:64px\" aria-hidden=\"true\" class=\"wp-block-spacer\"><\/div>\n\n\n\n<hr class=\"wp-block-separator has-css-opacity\"\/>\n\n\n\n<p class=\"has-text-align-center\" style=\"font-size:clamp(17.905px, 1.119rem + ((1vw - 3.2px) * 1.147), 28px);px\"><em><em>O cinema feito nos quilombos \u00e9 de extrema import\u00e2ncia para as comunidades e para o mundo tamb\u00e9m. As comunidades quilombolas s\u00e3o invis\u00edveis para a maior parte da sociedade e do poder p\u00fablico. Vivem em luta constante para ter acesso aos seus direitos. Com o cinema \u00e9 poss\u00edvel mostrar \u00e0 sociedade nossa realidade, principalmente no contexto em que vivemos desde 2019, de aumento da discrimina\u00e7\u00e3o e perda de direitos, pois temos um governo que n\u00e3o apoia as comunidades tradicionais de maneira geral. Temos um presidente da funda\u00e7\u00e3o Palmares cuja atua\u00e7\u00e3o \u00e9 oposta ao que pregam os quilombos. Ent\u00e3o, o cinema feito nos quilombos torna-se ainda mais fundamental. \u00c9 preciso aproveitar os avan\u00e7os tecnol\u00f3gicos que hoje est\u00e3o dispon\u00edveis nos quilombos, como internet e celulares e produzir audiovisual, mesmo que n\u00e3o seja feito com os equipamentos mais avan\u00e7ados. Assim, as pessoas veem que as comunidades quilombolas existem e resistem.<\/em><\/em><\/p>\n\n\n\n<p>Edson Quilombola &#8211; Quilombo dos Marques \/ Carlos Chagas-MG &#8211; jun\/2021<\/p>\n\n\n\n<hr class=\"wp-block-separator has-css-opacity\"\/>\n\n\n\n<div style=\"height:64px\" aria-hidden=\"true\" class=\"wp-block-spacer\"><\/div>\n<\/div>\n<\/div>\n<\/div>\n","protected":false},"excerpt":{"rendered":"<p>Acesse a programa\u00e7\u00e3o da 3\u00aa Mostra Cinema dos Quilombos O projeto Cinema dos Quilombos dedica-se a incentivar e difundir o cinema realizado nos territ\u00f3rios quilombolas. Nosso trabalho \u00e9 realizar oficinas audiovisuais em comunidades quilombolas, promover um cont\u00ednuo levantamento das obras existentes e organizar mostras com os filmes feitos por quilombolas e n\u00e3o-quilombolas aliados. Mostras De [&hellip;]<\/p>\n","protected":false},"author":2,"featured_media":0,"parent":0,"menu_order":0,"comment_status":"closed","ping_status":"closed","template":"","meta":{"footnotes":""},"class_list":["post-100","page","type-page","status-publish","hentry"],"_links":{"self":[{"href":"https:\/\/cinemadosquilombos.com.br\/index.php\/wp-json\/wp\/v2\/pages\/100"}],"collection":[{"href":"https:\/\/cinemadosquilombos.com.br\/index.php\/wp-json\/wp\/v2\/pages"}],"about":[{"href":"https:\/\/cinemadosquilombos.com.br\/index.php\/wp-json\/wp\/v2\/types\/page"}],"author":[{"embeddable":true,"href":"https:\/\/cinemadosquilombos.com.br\/index.php\/wp-json\/wp\/v2\/users\/2"}],"replies":[{"embeddable":true,"href":"https:\/\/cinemadosquilombos.com.br\/index.php\/wp-json\/wp\/v2\/comments?post=100"}],"version-history":[{"count":4,"href":"https:\/\/cinemadosquilombos.com.br\/index.php\/wp-json\/wp\/v2\/pages\/100\/revisions"}],"predecessor-version":[{"id":366,"href":"https:\/\/cinemadosquilombos.com.br\/index.php\/wp-json\/wp\/v2\/pages\/100\/revisions\/366"}],"wp:attachment":[{"href":"https:\/\/cinemadosquilombos.com.br\/index.php\/wp-json\/wp\/v2\/media?parent=100"}],"curies":[{"name":"wp","href":"https:\/\/api.w.org\/{rel}","templated":true}]}}