{"id":216,"date":"2021-07-14T06:33:47","date_gmt":"2021-07-14T09:33:47","guid":{"rendered":"https:\/\/cinemadosquilombos.com.br\/?page_id=216"},"modified":"2021-07-14T06:33:47","modified_gmt":"2021-07-14T09:33:47","slug":"rodas-de-conversa-online","status":"publish","type":"page","link":"https:\/\/cinemadosquilombos.com.br\/index.php\/rodas-de-conversa-online\/","title":{"rendered":"Cinema e hist\u00f3ria  &#8211;  Rodas de conversa online"},"content":{"rendered":"\n<p><\/p>\n\n\n\n<p><strong>1- Sobre a import\u00e2ncia do territ\u00f3rio<\/strong><br><strong>Quarta-feira, 14\/7\/21, 19hs<\/strong><br><br>Roda de conversa com Jurandir Amaral (Quilombo Mata Cavalo), Zica Pires (O Mundo Preto tem Mais Vida) e Cleomar Ribeiro (Cumbe \u2013 mem\u00f3rias quilombola). <br>Media\u00e7\u00e3o: Edson Quilombola e Rosinere Franco<\/p>\n\n\n\n<figure class=\"wp-block-embed is-type-rich is-provider-youtube wp-block-embed-youtube wp-embed-aspect-16-9 wp-has-aspect-ratio\"><div class=\"wp-block-embed__wrapper\">\n<iframe title=\"Sobre a import\u00e2ncia do territ\u00f3rio\" width=\"500\" height=\"281\" src=\"https:\/\/www.youtube.com\/embed\/Nw7kDJN6ql4?feature=oembed\" frameborder=\"0\" allow=\"accelerometer; autoplay; clipboard-write; encrypted-media; gyroscope; picture-in-picture; web-share\" referrerpolicy=\"strict-origin-when-cross-origin\" allowfullscreen><\/iframe>\n<\/div><\/figure>\n\n\n\n<p>___________________________________________________________________________________________<\/p>\n\n\n\n<p><strong>2 &#8211; Sobre fazeres e saberes dos Quilombos <br>S\u00e1bado, 17\/7\/21, 17h<\/strong><\/p>\n\n\n\n<p>Roda de conversa com representantes dos filmes Cofo do Rampa, Jac\u00e1 do Quilombo e<br>A Viagem de Seu Arlindo. Media\u00e7\u00e3o: Alessandra Brito e Dione Marques<\/p>\n\n\n\n<figure class=\"wp-block-embed is-type-rich is-provider-youtube wp-block-embed-youtube wp-embed-aspect-16-9 wp-has-aspect-ratio\"><div class=\"wp-block-embed__wrapper\">\n<iframe title=\"Sobre fazeres e saberes dos Quilombos\" width=\"500\" height=\"281\" src=\"https:\/\/www.youtube.com\/embed\/G14J7coDbZw?feature=oembed\" frameborder=\"0\" allow=\"accelerometer; autoplay; clipboard-write; encrypted-media; gyroscope; picture-in-picture; web-share\" referrerpolicy=\"strict-origin-when-cross-origin\" allowfullscreen><\/iframe>\n<\/div><\/figure>\n\n\n\n<p>___________________________________________________________________________________________<\/p>\n\n\n\n<p><\/p>\n\n\n\n<p><strong>3 &#8211; Sobre a for\u00e7a das mulheres quilombolas<br><span style=\"color:#950406;\" class=\"has-inline-color\">NOVA DATA: Quinta-feira, 22\/7\/21, 19hs<\/span><\/strong><\/p>\n\n\n\n<p>Roda de conversa com representantes dos filmes Senhoras do dend\u00ea (Gessi Cassiano), Mulher guerreira (Carl\u00facia Soares), Retorno de Luzia (Raielly Maria) e Pra se contar uma hist\u00f3ria (Riane Nascimento). Media\u00e7\u00e3o: Maria Eunice e Claudiene de Souza Santos.<\/p>\n\n\n\n<figure class=\"wp-block-embed is-type-rich is-provider-youtube wp-block-embed-youtube wp-embed-aspect-16-9 wp-has-aspect-ratio\"><div class=\"wp-block-embed__wrapper\">\n<iframe title=\"Sobre a for\u00e7a das mulheres quilombolas\" width=\"500\" height=\"281\" src=\"https:\/\/www.youtube.com\/embed\/iB-5jAl6Vl8?feature=oembed\" frameborder=\"0\" allow=\"accelerometer; autoplay; clipboard-write; encrypted-media; gyroscope; picture-in-picture; web-share\" referrerpolicy=\"strict-origin-when-cross-origin\" allowfullscreen><\/iframe>\n<\/div><\/figure>\n\n\n\n<p>___________________________________________________________________________________________<\/p>\n\n\n\n<p><\/p>\n\n\n\n<p><strong>4 &#8211; Sobre a import\u00e2ncia do sagrado para o Quilombo<br>S\u00e1bado, 24\/7\/21, 17h<\/strong><\/p>\n\n\n\n<p>Roda de conversa com representantes dos filmes &#8220;Candombe do A\u00e7ude&#8221; (Danilo Candombe), Tambor na Mata (Raimundo Jos\u00e9 da Silva Leite) e Lealdade (Millah Negrah Avelar). Media\u00e7\u00e3o: Maya Quilolo e Willian Souza Franco<\/p>\n\n\n\n<figure class=\"wp-block-embed is-type-rich is-provider-youtube wp-block-embed-youtube wp-embed-aspect-16-9 wp-has-aspect-ratio\"><div class=\"wp-block-embed__wrapper\">\n<iframe title=\"Sobre a import\u00e2ncia do sagrado para o Quilombo\" width=\"500\" height=\"281\" src=\"https:\/\/www.youtube.com\/embed\/I8c00KTdBBU?feature=oembed\" frameborder=\"0\" allow=\"accelerometer; autoplay; clipboard-write; encrypted-media; gyroscope; picture-in-picture; web-share\" referrerpolicy=\"strict-origin-when-cross-origin\" allowfullscreen><\/iframe>\n<\/div><\/figure>\n","protected":false},"excerpt":{"rendered":"<p>1- Sobre a import\u00e2ncia do territ\u00f3rioQuarta-feira, 14\/7\/21, 19hs Roda de conversa com Jurandir Amaral (Quilombo Mata Cavalo), Zica Pires (O Mundo Preto tem Mais Vida) e Cleomar Ribeiro (Cumbe \u2013 mem\u00f3rias quilombola). Media\u00e7\u00e3o: Edson Quilombola e Rosinere Franco ___________________________________________________________________________________________ 2 &#8211; Sobre fazeres e saberes dos Quilombos S\u00e1bado, 17\/7\/21, 17h Roda de conversa com representantes [&hellip;]<\/p>\n","protected":false},"author":2,"featured_media":0,"parent":0,"menu_order":0,"comment_status":"closed","ping_status":"closed","template":"","meta":{"footnotes":""},"class_list":["post-216","page","type-page","status-publish","hentry"],"_links":{"self":[{"href":"https:\/\/cinemadosquilombos.com.br\/index.php\/wp-json\/wp\/v2\/pages\/216"}],"collection":[{"href":"https:\/\/cinemadosquilombos.com.br\/index.php\/wp-json\/wp\/v2\/pages"}],"about":[{"href":"https:\/\/cinemadosquilombos.com.br\/index.php\/wp-json\/wp\/v2\/types\/page"}],"author":[{"embeddable":true,"href":"https:\/\/cinemadosquilombos.com.br\/index.php\/wp-json\/wp\/v2\/users\/2"}],"replies":[{"embeddable":true,"href":"https:\/\/cinemadosquilombos.com.br\/index.php\/wp-json\/wp\/v2\/comments?post=216"}],"version-history":[{"count":0,"href":"https:\/\/cinemadosquilombos.com.br\/index.php\/wp-json\/wp\/v2\/pages\/216\/revisions"}],"wp:attachment":[{"href":"https:\/\/cinemadosquilombos.com.br\/index.php\/wp-json\/wp\/v2\/media?parent=216"}],"curies":[{"name":"wp","href":"https:\/\/api.w.org\/{rel}","templated":true}]}}