{"id":305,"date":"2023-04-29T15:49:18","date_gmt":"2023-04-29T18:49:18","guid":{"rendered":"https:\/\/cinemadosquilombos.com.br\/?page_id=305"},"modified":"2025-02-28T13:35:28","modified_gmt":"2025-02-28T16:35:28","slug":"chamado-de-trabalhos-para-o-livro-cinema-quilombola-territorialidades-e-territorios-ancestrais","status":"publish","type":"page","link":"https:\/\/cinemadosquilombos.com.br\/index.php\/chamado-de-trabalhos-para-o-livro-cinema-quilombola-territorialidades-e-territorios-ancestrais\/","title":{"rendered":"Chamado livro"},"content":{"rendered":"\n<h4 class=\"wp-block-heading\">Chamado de trabalhos para o livro&nbsp;\u201c<strong>Cinema Quilombola<\/strong> \u2013Territorialidades e territ\u00f3rios ancestrais\u201d<\/h4>\n\n\n\n<figure class=\"wp-block-gallery has-nested-images columns-default is-cropped wp-block-gallery-1 is-layout-flex wp-block-gallery-is-layout-flex\">\n<figure class=\"wp-block-image size-large is-style-default\"><img fetchpriority=\"high\" decoding=\"async\" width=\"1024\" height=\"1024\" data-id=\"488\" src=\"https:\/\/cinemadosquilombos.com.br\/wp-content\/uploads\/2025\/02\/2-1-1024x1024.png\" alt=\"\" class=\"wp-image-488\" srcset=\"https:\/\/cinemadosquilombos.com.br\/wp-content\/uploads\/2025\/02\/2-1-1024x1024.png 1024w, https:\/\/cinemadosquilombos.com.br\/wp-content\/uploads\/2025\/02\/2-1-300x300.png 300w, https:\/\/cinemadosquilombos.com.br\/wp-content\/uploads\/2025\/02\/2-1-150x150.png 150w, https:\/\/cinemadosquilombos.com.br\/wp-content\/uploads\/2025\/02\/2-1-768x768.png 768w, https:\/\/cinemadosquilombos.com.br\/wp-content\/uploads\/2025\/02\/2-1.png 1080w\" sizes=\"(max-width: 1024px) 100vw, 1024px\" \/><\/figure>\n\n\n\n<figure class=\"wp-block-image size-large\"><img decoding=\"async\" width=\"1024\" height=\"1024\" data-id=\"489\" src=\"https:\/\/cinemadosquilombos.com.br\/wp-content\/uploads\/2025\/02\/3-1024x1024.png\" alt=\"\" class=\"wp-image-489\" srcset=\"https:\/\/cinemadosquilombos.com.br\/wp-content\/uploads\/2025\/02\/3-1024x1024.png 1024w, https:\/\/cinemadosquilombos.com.br\/wp-content\/uploads\/2025\/02\/3-300x300.png 300w, https:\/\/cinemadosquilombos.com.br\/wp-content\/uploads\/2025\/02\/3-150x150.png 150w, https:\/\/cinemadosquilombos.com.br\/wp-content\/uploads\/2025\/02\/3-768x768.png 768w, https:\/\/cinemadosquilombos.com.br\/wp-content\/uploads\/2025\/02\/3.png 1080w\" sizes=\"(max-width: 1024px) 100vw, 1024px\" \/><\/figure>\n<\/figure>\n\n\n\n<p>Chamada para a publica\u00e7\u00e3o do livro:<\/p>\n\n\n\n<p>\u201c<strong>Cinema Quilombola<\/strong> \u2013Territorialidades e territ\u00f3rios ancestrais\u201d<\/p>\n\n\n\n<p>\u201cQuilombo \u00e9 uma hist\u00f3ria. \u00c9 uma palavra que tem hist\u00f3ria\u201d, afirmava a historiadora Beatriz Nascimento (1942-1995). Nessa perspectiva hist\u00f3rica e ancestral de entender os quilombos como territ\u00f3rio vivos, guardadores e produtores de hist\u00f3rias e mem\u00f3rias que tem possibilitado o registro de narrativas f\u00edlmicas e sonoras construindo assim o que temos chamado de \u201c<strong>Cinema Quilombola\u201d.<\/strong><\/p>\n\n\n\n<p>A publica\u00e7\u00e3o do livro \u201c<strong>Cinema Quilombola \u2013<\/strong> <strong>Territorialidades e Territ\u00f3rios ancestrai<\/strong>s\u201d, busca reunir e catalogar a produ\u00e7\u00e3o audiovisual de pesquisas e estudos direcionados a territ\u00f3rios quilombolas.&nbsp;<\/p>\n\n\n\n<p>Nosso objetivo \u00e9 reunir artigos, ensaios, entrevistas, resenhas, poemas, textos acad\u00eamicos, livres e liter\u00e1rios que dialoguem diretamente com a produ\u00e7\u00e3o audiovisual realizada nas mais de seis mil comunidades quilombolas no Brasil.<\/p>\n\n\n\n<p>Os textos ser\u00e3o selecionados a partir de crit\u00e9rios estabelecidos pelos organizadores e ser\u00e3o publicados mediante cess\u00e3o n\u00e3o onerosa dos direitos de publica\u00e7\u00e3o.&nbsp;<\/p>\n\n\n\n<p>A publica\u00e7\u00e3o se prop\u00f5e a reunir, expor e fomentar a discuss\u00e3o sobre a produ\u00e7\u00e3o audiovisual contempor\u00e2nea e o papel das Comunidades Quilombolas no panorama do Cinema Negro Brasileiro.<\/p>\n\n\n\n<p>Convidamos autoras e autores (quilombolas ou n\u00e3o) a participarem do processo de sele\u00e7\u00e3o enviando trabalhos que poder\u00e3o compor a publica\u00e7\u00e3o.&nbsp;<\/p>\n\n\n\n<p>As inscri\u00e7\u00f5es podem ser feitas no site <strong>www.cinemadosquilombos.com.br<\/strong> e s\u00e3o gratuitas. Os artigos selecionados ser\u00e3o publicados mediante cess\u00e3o n\u00e3o onerosa dos direitos de publica\u00e7\u00e3o.&nbsp;<\/p>\n\n\n\n<p>As\/os autoras\/es receber\u00e3o 2 exemplares do livro.<\/p>\n\n\n\n<p><strong>Condi\u00e7\u00f5es para o processo de submiss\u00e3o e sele\u00e7\u00e3o dos textos<\/strong><\/p>\n\n\n\n<p>Como parte do processo de submiss\u00e3o e sele\u00e7\u00e3o, os\/as autores\/as devem verificar os itens listados a seguir:&nbsp;<\/p>\n\n\n\n<p>A publica\u00e7\u00e3o, faz parte de um progressivo reconhecimento da exist\u00eancia das comunidades quilombolas e da crescente produ\u00e7\u00e3o de imagens f\u00edlmicas&nbsp; realizadas nessas e por essas comunidades. Neste sentido, convidamos autoras e autores a participarem do processo de sele\u00e7\u00e3o enviando trabalhos <strong>que poder\u00e3o<\/strong> compor o livro. As inscri\u00e7\u00f5es podem ser feitas no site <a href=\"http:\/\/www.cinemadosquilombos.com.br\">www.cinemadosquilombos.com.br<\/a>&nbsp; e s\u00e3o gratuitas.&nbsp;<\/p>\n\n\n\n<ul class=\"wp-block-list\">\n<li>A publica\u00e7\u00e3o reunir\u00e1\u00a0 artigos, resenhas, ensaios, entrevistas, resenhas, poemas e demais textos acad\u00eamicos, livres e liter\u00e1rios que dialoguem diretamente com a produ\u00e7\u00e3o audiovisual que tem sido produzida\u00a0 nas mais de seis mil comunidades quilombolas no Brasil. os textos podem ser\u00a0 individuais ou coletivos;<\/li>\n\n\n\n<li>Os autores devem informar aos organizadores sobre a publica\u00e7\u00e3o de textos n\u00e3o in\u00e9ditos, informado sobre as primeiras vers\u00f5es de seus textos;<\/li>\n\n\n\n<li>Os arquivos para submiss\u00e3o de textos devem estar escritos em portugu\u00eas, no formato Microsoft Word ou OpenOffice com tamanho limite de at\u00e9 10MB. Imagens devem estar formatadas em JPG com resolu\u00e7\u00e3o de 300 DPI e dispon\u00edveis como documentos suplementares da submiss\u00e3o, mesmo se incorporadas ao texto.<\/li>\n\n\n\n<li>Os artigos, ensaios, entrevistas, cr\u00edticas e resenhas dever\u00e3o ter no m\u00ednimo 5 e no m\u00e1ximo 25 p\u00e1ginas, incluindo refer\u00eancias bibliogr\u00e1ficas, notas, tabelas e imagens). E devem conter: <strong>t\u00edtulo, resumo e palavras-chave <\/strong>(Resumo de 120 a 250 palavras, indicando os objetivos, o aporte te\u00f3rico, a metodologia e os resultados\/conclus\u00f5es; Palavras-chave: de 3 a 5);<\/li>\n\n\n\n<li>N\u00e3o h\u00e1 nenhum n\u00famero m\u00ednimo para poemas e demais textos livres e\/ou liter\u00e1rios como ensaio, cr\u00f4nica, poesia, carta etc.<\/li>\n\n\n\n<li>As entrevistas dever\u00e3o ser realizadas <strong>unicamente<\/strong><strong> <\/strong>com pesquisadores, realizadores, fot\u00f3grafos, montadores, roteiristas, produtores e artistas com atua\u00e7\u00e3o em cinema e audiovisual quilombola;<\/li>\n\n\n\n<li>Ser\u00e3o aceitos ainda contribui\u00e7\u00f5es em formato livre: textos, fotografias, desenhos, charges e trabalhos visuais de diversos tipos &#8211; desde que possuam dimens\u00f5es e caracter\u00edsticas t\u00e9cnicas compat\u00edveis com as possibilidades da publica\u00e7\u00e3o.<\/li>\n\n\n\n<li>Minibiografia: at\u00e9 250 caracteres com informa\u00e7\u00f5es sobre o(s) autor(es), segundo a ordem solicitada e com todas as informa\u00e7\u00f5es por extenso:<\/li>\n<\/ul>\n\n\n\n<p>1) Comunidade Quilombola a que pertence, quando for o caso. 2) Titula\u00e7\u00e3o acad\u00eamica e\/ou forma\u00e7\u00e3o t\u00e9cnica, quando for o caso. 3) Produ\u00e7\u00e3o f\u00edlmica. 4) Cidade, estado e pa\u00eds. 5) E-mail.&nbsp;<\/p>\n\n\n\n<ul class=\"wp-block-list\">\n<li>Os autores selecionados formalizar\u00e3o sua participa\u00e7\u00e3o no livro mediante declara\u00e7\u00e3o de autoria e cess\u00e3o n\u00e3o onerosa do trabalho para publica\u00e7\u00e3o.<\/li>\n\n\n\n<li>Pol\u00edtica de Privacidade &#8211; Os nomes e endere\u00e7os fornecidos ser\u00e3o usados exclusivamente para os servi\u00e7os prestados por esta publica\u00e7\u00e3o, n\u00e3o sendo disponibilizados para outras finalidades ou a terceiros.<\/li>\n\n\n\n<li>Os trabalhos ser\u00e3o submetidos pelo formul\u00e1rio\u00a0 abaixo at\u00e9 o 23h59min do dia 31 de maio de 2025<\/li>\n<\/ul>\n\n\n\n<figure class=\"wp-block-embed\"><div class=\"wp-block-embed__wrapper\">\nhttps:\/\/forms.gle\/KZ4PFGrNQqMGgEBE7\n<\/div><\/figure>\n\n\n\n<ul class=\"wp-block-list\">\n<li>Cronograma\u00a0<\/li>\n\n\n\n<li>Inscri\u00e7\u00e3o de propostas: at\u00e9 31\/05\/2025<\/li>\n\n\n\n<li>Comunicado de pr\u00e9-sele\u00e7\u00e3o: 30\/07\/2025<\/li>\n\n\n\n<li>Publica\u00e7\u00e3o: 2\u00ba semestre\/2025<\/li>\n<\/ul>\n\n\n\n<p>D\u00favidas e informa\u00e7\u00f5es: cinemaquilombola@gmail.com&nbsp;<\/p>\n","protected":false},"excerpt":{"rendered":"<p>Chamado de trabalhos para o livro&nbsp;\u201cCinema Quilombola \u2013Territorialidades e territ\u00f3rios ancestrais\u201d Chamada para a publica\u00e7\u00e3o do livro: \u201cCinema Quilombola \u2013Territorialidades e territ\u00f3rios ancestrais\u201d \u201cQuilombo \u00e9 uma hist\u00f3ria. \u00c9 uma palavra que tem hist\u00f3ria\u201d, afirmava a historiadora Beatriz Nascimento (1942-1995). Nessa perspectiva hist\u00f3rica e ancestral de entender os quilombos como territ\u00f3rio vivos, guardadores e produtores de [&hellip;]<\/p>\n","protected":false},"author":1,"featured_media":0,"parent":0,"menu_order":0,"comment_status":"closed","ping_status":"closed","template":"","meta":{"footnotes":""},"class_list":["post-305","page","type-page","status-publish","hentry"],"_links":{"self":[{"href":"https:\/\/cinemadosquilombos.com.br\/index.php\/wp-json\/wp\/v2\/pages\/305"}],"collection":[{"href":"https:\/\/cinemadosquilombos.com.br\/index.php\/wp-json\/wp\/v2\/pages"}],"about":[{"href":"https:\/\/cinemadosquilombos.com.br\/index.php\/wp-json\/wp\/v2\/types\/page"}],"author":[{"embeddable":true,"href":"https:\/\/cinemadosquilombos.com.br\/index.php\/wp-json\/wp\/v2\/users\/1"}],"replies":[{"embeddable":true,"href":"https:\/\/cinemadosquilombos.com.br\/index.php\/wp-json\/wp\/v2\/comments?post=305"}],"version-history":[{"count":18,"href":"https:\/\/cinemadosquilombos.com.br\/index.php\/wp-json\/wp\/v2\/pages\/305\/revisions"}],"predecessor-version":[{"id":490,"href":"https:\/\/cinemadosquilombos.com.br\/index.php\/wp-json\/wp\/v2\/pages\/305\/revisions\/490"}],"wp:attachment":[{"href":"https:\/\/cinemadosquilombos.com.br\/index.php\/wp-json\/wp\/v2\/media?parent=305"}],"curies":[{"name":"wp","href":"https:\/\/api.w.org\/{rel}","templated":true}]}}