{"id":36,"date":"2021-03-14T19:08:18","date_gmt":"2021-03-14T22:08:18","guid":{"rendered":"https:\/\/cinemadosquilombos.wordpress.com\/?page_id=36"},"modified":"2025-02-24T21:39:52","modified_gmt":"2025-02-25T00:39:52","slug":"convocatoria-de-filmes","status":"publish","type":"page","link":"https:\/\/cinemadosquilombos.com.br\/index.php\/convocatoria-de-filmes\/","title":{"rendered":"Convocat\u00f3ria de Filmes"},"content":{"rendered":"\n<p class=\"has-text-align-justify has-text-align-left\">Sejam bem vindxs ao Chamado do Cinema dos Quilombos! Para se inscrever preencha o formul\u00e1rio abaixo. <br><br>A 6\u00aa Mostra Cinema dos Quilombos ser\u00e1 realizada presencialmente em Belo Horizonte no primeiro semestre de 2025. As inscri\u00e7\u00f5es para filmes ficam abertas ininterruptamente, mas para a curadoria da 6\u00aa Mostra ser\u00e3o considerados filmes recebidos at\u00e9 20\/10\/25.<br><br>Nosso objetivo principal \u00e9 fazer uma pesquisa\/levantamento, mais completa poss\u00edvel, de filmes feitos nos Quilombos do Brasil. A partir deste primeiro passo, pretendemos desenvolver diversas atividades, como mostras, banco de dados online com as obras e pensar formas para que esses filmes possam circular por diversos quilombos do pa\u00eds. <br><br>A iniciativa pretende ampliar a visibilidade da pauta quilombola e dos processos de resist\u00eancia dessas comunidades num cen\u00e1rio de tamanho ataque aos seus direitos constitucionais. Podem ser inscritos filmes realizados em qualquer data por diretorxs\/realizadorxs quilombolas, filmes realizados por diretorxs\/realizadorxs negrxs em territ\u00f3rio quilombola e filmes quilombolas realizados por diretorxs\/realizadorxs n\u00e3o negros comprometidos com a luta antirracista.<br><br>Esperamos que esse levantamento amplo da produ\u00e7\u00e3o de cinema nos Quilombos assente as reflex\u00f5es sobre as viv\u00eancias e resist\u00eancias dessas comunidades, que juntamente com os povos origin\u00e1rios ind\u00edgenas comportam as manifesta\u00e7\u00f5es profundas do que chamamos de povo brasileiro.<\/p>\n\n\n\n<p class=\"has-text-align-justify\"><p><em>\u201cQuilombo \u00e9 uma hist\u00f3ria. Essa palavra tem uma hist\u00f3ria. Tamb\u00e9m tem uma tipologia de acordo com a regi\u00e3o e de acordo com a \u00e9poca, o tempo. Sua rela\u00e7\u00e3o com o seu territ\u00f3rio. \u00c9 importante ver que, hoje, o quilombo traz pra gente n\u00e3o mais o territ\u00f3rio geogr\u00e1fico, mas o territ\u00f3rio a n\u00edvel (sic) de uma simbologia. N\u00f3s somos homens. N\u00f3s temos direitos ao territ\u00f3rio, \u00e0 terra. V\u00e1rias e v\u00e1rias e v\u00e1rias partes da minha hist\u00f3ria contam que eu tenho o direito ao espa\u00e7o que ocupo na na\u00e7\u00e3o. (\u2026) A Terra \u00e9 o meu quilombo. Meu espa\u00e7o \u00e9 meu quilombo. Onde eu estou, eu estou. Quando eu estou, eu sou.\u201d<\/em><\/p><\/p>\n\n\n\n<p>Beatriz Nascimento, 1989<\/p>\n\n\n\n<p><\/p>\n\n\n\n<p><strong>Quem pode se inscrever?<\/strong><\/p>\n\n\n\n<p>Realizadores quilombolas, negros e brancos que realizaram filmes em territ\u00f3rio quilombolas (certificados ou n\u00e3o) ou que abordem a tem\u00e1tica do Quilombo em alguma comunidade. Quilombos s\u00e3o territ\u00f3rios negros aut\u00f4nomos de afirma\u00e7\u00e3o \u00e9tnica e identit\u00e1ria e podem ocorrem tanto nos campos quanto nas grandes cidades. O objetivo da mostra \u00e9 alcan\u00e7ar a diversidade dos Quilombos no Brasil incorporando filmes que indiquem perspectivas quilombola sobre o mundo. Aceitamos obras de qualquer dura\u00e7\u00e3o, formato, g\u00eanero e ano de produ\u00e7\u00e3o.<\/p>\n\n\n\n<iframe src=\"https:\/\/docs.google.com\/forms\/d\/e\/1FAIpQLSfQePbReoQauJq1radeo6WYSrjv_XSLE1PJzIfxXpXaYvwTjw\/viewform?embedded=true\" width=\"640\" height=\"1150\" frameborder=\"0\" marginheight=\"0\" marginwidth=\"0\">Carregando\u2026<\/iframe>\n","protected":false},"excerpt":{"rendered":"<p>Sejam bem vindxs ao Chamado do Cinema dos Quilombos! Para se inscrever preencha o formul\u00e1rio abaixo. A 6\u00aa Mostra Cinema dos Quilombos ser\u00e1 realizada presencialmente em Belo Horizonte no primeiro semestre de 2025. As inscri\u00e7\u00f5es para filmes ficam abertas ininterruptamente, mas para a curadoria da 6\u00aa Mostra ser\u00e3o considerados filmes recebidos at\u00e9 20\/10\/25. Nosso objetivo [&hellip;]<\/p>\n","protected":false},"author":2,"featured_media":0,"parent":0,"menu_order":0,"comment_status":"closed","ping_status":"closed","template":"","meta":{"footnotes":""},"class_list":["post-36","page","type-page","status-publish","hentry"],"_links":{"self":[{"href":"https:\/\/cinemadosquilombos.com.br\/index.php\/wp-json\/wp\/v2\/pages\/36"}],"collection":[{"href":"https:\/\/cinemadosquilombos.com.br\/index.php\/wp-json\/wp\/v2\/pages"}],"about":[{"href":"https:\/\/cinemadosquilombos.com.br\/index.php\/wp-json\/wp\/v2\/types\/page"}],"author":[{"embeddable":true,"href":"https:\/\/cinemadosquilombos.com.br\/index.php\/wp-json\/wp\/v2\/users\/2"}],"replies":[{"embeddable":true,"href":"https:\/\/cinemadosquilombos.com.br\/index.php\/wp-json\/wp\/v2\/comments?post=36"}],"version-history":[{"count":15,"href":"https:\/\/cinemadosquilombos.com.br\/index.php\/wp-json\/wp\/v2\/pages\/36\/revisions"}],"predecessor-version":[{"id":484,"href":"https:\/\/cinemadosquilombos.com.br\/index.php\/wp-json\/wp\/v2\/pages\/36\/revisions\/484"}],"wp:attachment":[{"href":"https:\/\/cinemadosquilombos.com.br\/index.php\/wp-json\/wp\/v2\/media?parent=36"}],"curies":[{"name":"wp","href":"https:\/\/api.w.org\/{rel}","templated":true}]}}