{"id":473,"date":"2025-02-24T13:19:06","date_gmt":"2025-02-24T16:19:06","guid":{"rendered":"https:\/\/cinemadosquilombos.com.br\/?page_id=473"},"modified":"2026-04-07T10:24:29","modified_gmt":"2026-04-07T13:24:29","slug":"arquivo","status":"publish","type":"page","link":"https:\/\/cinemadosquilombos.com.br\/index.php\/arquivo\/","title":{"rendered":"Arquivo"},"content":{"rendered":"\n<p><a href=\"https:\/\/cinemadosquilombos.com.br\/index.php\/1a-mostra-cinema-dos-quilombos\/\" data-type=\"page\" data-id=\"48\">1\u00aa Mostra Cinema dos Quilombos<\/a><\/p>\n\n\n\n<p><a href=\"https:\/\/cinemadosquilombos.com.br\/index.php\/165-2\/\" data-type=\"page\" data-id=\"165\">2\u00aa Mostra Cinema dos Quilombos<\/a><\/p>\n\n\n\n<p><a href=\"https:\/\/cinemadosquilombos.com.br\/index.php\/3a-mostra-cinema-dos-quilombos\/\" data-type=\"page\" data-id=\"330\">3\u00aa Mostra Cinema dos Quilombos<\/a><\/p>\n\n\n\n<p><a href=\"https:\/\/cinemadosquilombos.com.br\/index.php\/4a-mostra\/\" data-type=\"page\" data-id=\"410\">4\u00aa Mostra Cinema dos Quilombos<\/a><\/p>\n\n\n\n<p><a href=\"https:\/\/cinemadosquilombos.com.br\/index.php\/5a-mostra-cinema-dos-quilombos\/\" data-type=\"page\" data-id=\"459\">5\u00aa Mostra Cinema dos Quilombos<\/a><\/p>\n\n\n\n<p><a href=\"https:\/\/cinemadosquilombos.com.br\/index.php\/6a-mostra-cinema-dos-quilombos\/\" data-type=\"page\" data-id=\"477\">6\u00aa Mostra Cinema dos Quilombos<\/a><\/p>\n\n\n\n<p><a href=\"https:\/\/cinemadosquilombos.com.br\/\" data-type=\"page\" data-id=\"632\">6\u00aa Mostra Cinema dos Quilombos<\/a> &#8211; Edi\u00e7\u00e3o Quilombo do A\u00e7ude<\/p>\n\n\n\n<p><a href=\"https:\/\/cinemadosquilombos.com.br\/index.php\/7a-mostra-cinema-dos-quilombos\/\" data-type=\"page\" data-id=\"654\">7\u00aa Mostra Cinema dos Quilombos<\/a><\/p>\n\n\n\n<p><\/p>\n","protected":false},"excerpt":{"rendered":"<p>1\u00aa Mostra Cinema dos Quilombos 2\u00aa Mostra Cinema dos Quilombos 3\u00aa Mostra Cinema dos Quilombos 4\u00aa Mostra Cinema dos Quilombos 5\u00aa Mostra Cinema dos Quilombos 6\u00aa Mostra Cinema dos Quilombos 6\u00aa Mostra Cinema dos Quilombos &#8211; Edi\u00e7\u00e3o Quilombo do A\u00e7ude 7\u00aa Mostra Cinema dos Quilombos<\/p>\n","protected":false},"author":1,"featured_media":0,"parent":0,"menu_order":0,"comment_status":"closed","ping_status":"closed","template":"","meta":{"footnotes":""},"class_list":["post-473","page","type-page","status-publish","hentry"],"_links":{"self":[{"href":"https:\/\/cinemadosquilombos.com.br\/index.php\/wp-json\/wp\/v2\/pages\/473"}],"collection":[{"href":"https:\/\/cinemadosquilombos.com.br\/index.php\/wp-json\/wp\/v2\/pages"}],"about":[{"href":"https:\/\/cinemadosquilombos.com.br\/index.php\/wp-json\/wp\/v2\/types\/page"}],"author":[{"embeddable":true,"href":"https:\/\/cinemadosquilombos.com.br\/index.php\/wp-json\/wp\/v2\/users\/1"}],"replies":[{"embeddable":true,"href":"https:\/\/cinemadosquilombos.com.br\/index.php\/wp-json\/wp\/v2\/comments?post=473"}],"version-history":[{"count":7,"href":"https:\/\/cinemadosquilombos.com.br\/index.php\/wp-json\/wp\/v2\/pages\/473\/revisions"}],"predecessor-version":[{"id":759,"href":"https:\/\/cinemadosquilombos.com.br\/index.php\/wp-json\/wp\/v2\/pages\/473\/revisions\/759"}],"wp:attachment":[{"href":"https:\/\/cinemadosquilombos.com.br\/index.php\/wp-json\/wp\/v2\/media?parent=473"}],"curies":[{"name":"wp","href":"https:\/\/api.w.org\/{rel}","templated":true}]}}