{"id":477,"date":"2025-02-24T13:38:40","date_gmt":"2025-02-24T16:38:40","guid":{"rendered":"https:\/\/cinemadosquilombos.com.br\/?page_id=477"},"modified":"2025-11-27T10:09:27","modified_gmt":"2025-11-27T13:09:27","slug":"6a-mostra-cinema-dos-quilombos","status":"publish","type":"page","link":"https:\/\/cinemadosquilombos.com.br\/index.php\/6a-mostra-cinema-dos-quilombos\/","title":{"rendered":"6\u00aa Mostra Cinema dos Quilombos"},"content":{"rendered":"<p>A 6\u00aa mostra ocorreu de 24 a 27 de abril de 2025 no Sesc Palladium, Belo Horizonte. E de 24 a 4 de maio de 2025 online aqui em nosso site. Clique abaixo para conhecer os t\u00edtulos que foram exibidos.<\/p>\n<p dir=\"ltr\" style=\"line-height: 1.38; margin-top: 0pt; margin-bottom: 0pt;\"><b>Programa\u00e7\u00e3o:<\/b><\/p>\n<p dir=\"ltr\" style=\"line-height: 1.38; margin-top: 0pt; margin-bottom: 0pt;\"><b>\u00a0<\/b><\/p>\n<p dir=\"ltr\" style=\"line-height: 1.38; margin-top: 0pt; margin-bottom: 0pt;\"><a href=\"https:\/\/cinemadosquilombos.com.br\/index.php\/24-6-quinta-feira\/\" rel=\"noopener\">24\/3 | quinta-feira | (LIBRAS e LSE) <\/a><\/p>\n<p dir=\"ltr\" style=\"line-height: 1.38; margin-top: 0pt; margin-bottom: 0pt;\"><a href=\"https:\/\/cinemadosquilombos.com.br\/index.php\/508-2\/\">25\/4 | sexta-feira<\/a><\/p>\n<p dir=\"ltr\" style=\"line-height: 1.38; margin-top: 0pt; margin-bottom: 0pt;\"><a href=\"https:\/\/cinemadosquilombos.com.br\/index.php\/26-4-sabado-sessao-1-18h\/\">26\/4 | s\u00e1bado\u00a0<\/a><\/p>\n<p dir=\"ltr\" style=\"line-height: 1.38; margin-top: 0pt; margin-bottom: 0pt;\"><a href=\"https:\/\/cinemadosquilombos.com.br\/index.php\/27-4-domingo-19h30\/\" rel=\"noopener\">27\/4 | domingo<\/a><\/p>\n<p dir=\"ltr\">\n<style>\/*! elementor - v3.23.0 - 05-08-2024 *\/<br \/>\n.elementor-widget-image{text-align:center}.elementor-widget-image a{display:inline-block}.elementor-widget-image a img[src$=\".svg\"]{width:48px}.elementor-widget-image img{vertical-align:middle;display:inline-block}<\/style>\n<\/p>\n<p><img fetchpriority=\"high\" decoding=\"async\" src=\"http:\/\/cinemadosquilombos.com.br\/wp-content\/uploads\/2025\/04\/cartaz_insta_mcdq_25-819x1024.png\" sizes=\"(max-width: 819px) 100vw, 819px\" srcset=\"https:\/\/cinemadosquilombos.com.br\/wp-content\/uploads\/2025\/04\/cartaz_insta_mcdq_25-819x1024.png 819w, https:\/\/cinemadosquilombos.com.br\/wp-content\/uploads\/2025\/04\/cartaz_insta_mcdq_25-240x300.png 240w, https:\/\/cinemadosquilombos.com.br\/wp-content\/uploads\/2025\/04\/cartaz_insta_mcdq_25-768x960.png 768w, https:\/\/cinemadosquilombos.com.br\/wp-content\/uploads\/2025\/04\/cartaz_insta_mcdq_25.png 1080w\" alt=\"\" width=\"819\" height=\"1024\" \/><\/p>\n","protected":false},"excerpt":{"rendered":"<p>A 6\u00aa mostra ocorreu de 24 a 27 de abril de 2025 no Sesc Palladium, Belo Horizonte. E de 24 a 4 de maio de 2025 online aqui em nosso site. Clique abaixo para conhecer os t\u00edtulos que foram exibidos. Programa\u00e7\u00e3o: \u00a0 24\/3 | quinta-feira | (LIBRAS e LSE) 25\/4 | sexta-feira 26\/4 | s\u00e1bado\u00a0 [&hellip;]<\/p>\n","protected":false},"author":1,"featured_media":0,"parent":0,"menu_order":0,"comment_status":"closed","ping_status":"closed","template":"","meta":{"footnotes":""},"class_list":["post-477","page","type-page","status-publish","hentry"],"_links":{"self":[{"href":"https:\/\/cinemadosquilombos.com.br\/index.php\/wp-json\/wp\/v2\/pages\/477"}],"collection":[{"href":"https:\/\/cinemadosquilombos.com.br\/index.php\/wp-json\/wp\/v2\/pages"}],"about":[{"href":"https:\/\/cinemadosquilombos.com.br\/index.php\/wp-json\/wp\/v2\/types\/page"}],"author":[{"embeddable":true,"href":"https:\/\/cinemadosquilombos.com.br\/index.php\/wp-json\/wp\/v2\/users\/1"}],"replies":[{"embeddable":true,"href":"https:\/\/cinemadosquilombos.com.br\/index.php\/wp-json\/wp\/v2\/comments?post=477"}],"version-history":[{"count":51,"href":"https:\/\/cinemadosquilombos.com.br\/index.php\/wp-json\/wp\/v2\/pages\/477\/revisions"}],"predecessor-version":[{"id":652,"href":"https:\/\/cinemadosquilombos.com.br\/index.php\/wp-json\/wp\/v2\/pages\/477\/revisions\/652"}],"wp:attachment":[{"href":"https:\/\/cinemadosquilombos.com.br\/index.php\/wp-json\/wp\/v2\/media?parent=477"}],"curies":[{"name":"wp","href":"https:\/\/api.w.org\/{rel}","templated":true}]}}