{"id":503,"date":"2025-04-13T16:02:55","date_gmt":"2025-04-13T19:02:55","guid":{"rendered":"https:\/\/cinemadosquilombos.com.br\/?page_id=503"},"modified":"2025-04-24T16:34:33","modified_gmt":"2025-04-24T19:34:33","slug":"24-6-quinta-feira","status":"publish","type":"page","link":"https:\/\/cinemadosquilombos.com.br\/index.php\/24-6-quinta-feira\/","title":{"rendered":"24\/4 | quinta-feira | 19h30"},"content":{"rendered":"\n<p><em>Retire seu  <a href=\"https:\/\/bileto.sympla.com.br\/event\/104797\/d\/311584\/s\/2122504\" target=\"_blank\" rel=\"noreferrer noopener\">ingresso aqui<\/a> ou na bilheteria do cinema meia hora antes da sess\u00e3o.<\/em><\/p>\n\n\n\n<p><\/p>\n\n\n\n<p><strong>Sess\u00e3o Acessibilidade LIBRAS e Legendas para Surdos e Ensurdecidos<\/strong><\/p>\n\n\n\n<p><\/p>\n\n\n\n<p><strong>Tan\u00e7a&nbsp;<\/strong><\/p>\n\n\n\n<p>Dir.: Irmandade dos Atores da P\u00e2ndega e Associa\u00e7\u00e3o Quilombola Mato do Ti\u00e7\u00e3o, doc., 31\u2019, 2014, Quilombo Mato do Ti\u00e7\u00e3o &#8211; Jaboticatubas\/MG<\/p>\n\n\n\n<figure class=\"wp-block-image size-large\"><img fetchpriority=\"high\" decoding=\"async\" width=\"1024\" height=\"576\" src=\"https:\/\/cinemadosquilombos.com.br\/wp-content\/uploads\/2025\/04\/Tanca-1-1024x576.png\" alt=\"\" class=\"wp-image-504\" srcset=\"https:\/\/cinemadosquilombos.com.br\/wp-content\/uploads\/2025\/04\/Tanca-1-1024x576.png 1024w, https:\/\/cinemadosquilombos.com.br\/wp-content\/uploads\/2025\/04\/Tanca-1-300x169.png 300w, https:\/\/cinemadosquilombos.com.br\/wp-content\/uploads\/2025\/04\/Tanca-1-768x432.png 768w, https:\/\/cinemadosquilombos.com.br\/wp-content\/uploads\/2025\/04\/Tanca-1-1536x864.png 1536w, https:\/\/cinemadosquilombos.com.br\/wp-content\/uploads\/2025\/04\/Tanca-1.png 1920w\" sizes=\"(max-width: 1024px) 100vw, 1024px\" \/><\/figure>\n\n\n\n<p>Tan\u00e7a, africana escravizada na regi\u00e3o da Serra do Cip\u00f3, Minas Gerais, \u00e9 a matriarca ancestral do Quilombo do Mati\u00e7\u00e3o, que teria vivido cerca de 130 anos. Constantina Augusta dos Santos, a tia Tan\u00e7a, renasce vigorosa na mem\u00f3ria de seus descendentes mais velhos: seis irm\u00e3os da fam\u00edlia Siqueira, que mant\u00eam com impressionante lucidez e riqueza de detalhes a hist\u00f3ria do quilombo.<\/p>\n\n\n\n<p>Assita:<\/p>\n\n\n\n<figure class=\"wp-block-embed is-type-video is-provider-youtube wp-block-embed-youtube wp-embed-aspect-16-9 wp-has-aspect-ratio\"><div class=\"wp-block-embed__wrapper\">\n<iframe title=\"Tan\u00e7a  (libras, document\u00e1rio quilombo Mati\u00e7\u00e3o)\" width=\"500\" height=\"281\" src=\"https:\/\/www.youtube.com\/embed\/qD4zARWqLgE?feature=oembed\" frameborder=\"0\" allow=\"accelerometer; autoplay; clipboard-write; encrypted-media; gyroscope; picture-in-picture; web-share\" referrerpolicy=\"strict-origin-when-cross-origin\" allowfullscreen><\/iframe>\n<\/div><\/figure>\n\n\n\n<p class=\"has-text-align-center\">_________________________________<\/p>\n\n\n\n<p><strong>CANDOMBE DO A\u00c7UDE &#8211; o passado contado pelo canto&nbsp;<\/strong><\/p>\n\n\n\n<p>Dir.: Danilo Candombe, doc., 29\u2019, 2020, Quilombo do A\u00e7ude &#8211; Jaboticatubas\/MG<\/p>\n\n\n\n<figure class=\"wp-block-image size-large\"><img decoding=\"async\" width=\"1024\" height=\"681\" src=\"https:\/\/cinemadosquilombos.com.br\/wp-content\/uploads\/2025\/04\/candombe-6a-mostra-1024x681.jpg\" alt=\"\" class=\"wp-image-505\" srcset=\"https:\/\/cinemadosquilombos.com.br\/wp-content\/uploads\/2025\/04\/candombe-6a-mostra-1024x681.jpg 1024w, https:\/\/cinemadosquilombos.com.br\/wp-content\/uploads\/2025\/04\/candombe-6a-mostra-300x200.jpg 300w, https:\/\/cinemadosquilombos.com.br\/wp-content\/uploads\/2025\/04\/candombe-6a-mostra-768x511.jpg 768w, https:\/\/cinemadosquilombos.com.br\/wp-content\/uploads\/2025\/04\/candombe-6a-mostra-1536x1022.jpg 1536w, https:\/\/cinemadosquilombos.com.br\/wp-content\/uploads\/2025\/04\/candombe-6a-mostra-2048x1363.jpg 2048w\" sizes=\"(max-width: 1024px) 100vw, 1024px\" \/><\/figure>\n\n\n\n<p><\/p>\n\n\n\n<p>O filme retrata como foi o ritual do Candombe durante a pandemia no ano de 2020 e mostra como a nova gera\u00e7\u00e3o vivenciou e sentiu a manifesta\u00e7\u00e3o de suas tradi\u00e7\u00f5es, pela primeira vez em 20 anos sem a influ\u00eancia de visitantes.<\/p>\n\n\n\n<p>Assista:<\/p>\n\n\n\n<figure class=\"wp-block-embed is-type-video is-provider-youtube wp-block-embed-youtube wp-embed-aspect-16-9 wp-has-aspect-ratio\"><div class=\"wp-block-embed__wrapper\">\n<iframe title=\"Candombe - o passado contado pelo canto (LIBRAS)\" width=\"500\" height=\"281\" src=\"https:\/\/www.youtube.com\/embed\/cJLNxUcwFDk?feature=oembed\" frameborder=\"0\" allow=\"accelerometer; autoplay; clipboard-write; encrypted-media; gyroscope; picture-in-picture; web-share\" referrerpolicy=\"strict-origin-when-cross-origin\" allowfullscreen><\/iframe>\n<\/div><\/figure>\n\n\n\n<p class=\"has-text-align-center\">_________________________________<\/p>\n\n\n\n<p><strong>Voa Arturos<\/strong><\/p>\n\n\n\n<p>Dir.: Othon de Saboia, fic\u00e7\u00e3o, 6\u2019, 2022, Quilombo dos Arturos &#8211; Contagem\/MG<\/p>\n\n\n\n<figure class=\"wp-block-image size-large\"><img decoding=\"async\" width=\"1024\" height=\"576\" src=\"https:\/\/cinemadosquilombos.com.br\/wp-content\/uploads\/2025\/04\/voa-arturos-1-1024x576.png\" alt=\"\" class=\"wp-image-506\" srcset=\"https:\/\/cinemadosquilombos.com.br\/wp-content\/uploads\/2025\/04\/voa-arturos-1-1024x576.png 1024w, https:\/\/cinemadosquilombos.com.br\/wp-content\/uploads\/2025\/04\/voa-arturos-1-300x169.png 300w, https:\/\/cinemadosquilombos.com.br\/wp-content\/uploads\/2025\/04\/voa-arturos-1-768x432.png 768w, https:\/\/cinemadosquilombos.com.br\/wp-content\/uploads\/2025\/04\/voa-arturos-1-1536x864.png 1536w, https:\/\/cinemadosquilombos.com.br\/wp-content\/uploads\/2025\/04\/voa-arturos-1.png 1920w\" sizes=\"(max-width: 1024px) 100vw, 1024px\" \/><\/figure>\n\n\n\n<p><\/p>\n\n\n\n<p>Uma disputa no c\u00e9u do Quilombo dos Arturos se transforma quando a ancestralidade e a cultura de um povo entram em cena. Gravado em 2022, o curta &#8220;Voa Arturos&#8221; \u00e9 resultado de uma oficina audiovisual parte do &#8220;Projeto de forma\u00e7\u00e3o de agentes culturais &#8211; Comunidade Quilombola dos Arturos&#8221;. E foi idealizado, produzido e estrelado pela pr\u00f3pria comunidade.<\/p>\n\n\n\n<p>Assista:<\/p>\n\n\n\n<figure class=\"wp-block-embed is-type-video is-provider-youtube wp-block-embed-youtube wp-embed-aspect-16-9 wp-has-aspect-ratio\"><div class=\"wp-block-embed__wrapper\">\n<iframe title=\"Voa Arturos (Libras)\" width=\"500\" height=\"281\" src=\"https:\/\/www.youtube.com\/embed\/qbvwJwmR7Ms?feature=oembed\" frameborder=\"0\" allow=\"accelerometer; autoplay; clipboard-write; encrypted-media; gyroscope; picture-in-picture; web-share\" referrerpolicy=\"strict-origin-when-cross-origin\" allowfullscreen><\/iframe>\n<\/div><\/figure>\n\n\n\n<p><\/p>\n\n\n\n<p><strong>Debate*<\/strong>:<\/p>\n\n\n\n<p>Danilo Candombe, Mestre Gercino, Val\u00e9ria Carvalho (Quilombo do Mati\u00e7\u00e3o) e Othon de Saboia<\/p>\n\n\n\n<p>Media\u00e7\u00e3o: Delei Marques (Quilombo dos Marques)<\/p>\n\n\n\n<p>*Tradu\u00e7\u00e3o simult\u00e2nea em LlBRAS<\/p>\n","protected":false},"excerpt":{"rendered":"<p>Retire seu ingresso aqui ou na bilheteria do cinema meia hora antes da sess\u00e3o. Sess\u00e3o Acessibilidade LIBRAS e Legendas para Surdos e Ensurdecidos Tan\u00e7a&nbsp; Dir.: Irmandade dos Atores da P\u00e2ndega e Associa\u00e7\u00e3o Quilombola Mato do Ti\u00e7\u00e3o, doc., 31\u2019, 2014, Quilombo Mato do Ti\u00e7\u00e3o &#8211; Jaboticatubas\/MG Tan\u00e7a, africana escravizada na regi\u00e3o da Serra do Cip\u00f3, Minas [&hellip;]<\/p>\n","protected":false},"author":1,"featured_media":0,"parent":0,"menu_order":0,"comment_status":"closed","ping_status":"closed","template":"","meta":{"footnotes":""},"class_list":["post-503","page","type-page","status-publish","hentry"],"_links":{"self":[{"href":"https:\/\/cinemadosquilombos.com.br\/index.php\/wp-json\/wp\/v2\/pages\/503"}],"collection":[{"href":"https:\/\/cinemadosquilombos.com.br\/index.php\/wp-json\/wp\/v2\/pages"}],"about":[{"href":"https:\/\/cinemadosquilombos.com.br\/index.php\/wp-json\/wp\/v2\/types\/page"}],"author":[{"embeddable":true,"href":"https:\/\/cinemadosquilombos.com.br\/index.php\/wp-json\/wp\/v2\/users\/1"}],"replies":[{"embeddable":true,"href":"https:\/\/cinemadosquilombos.com.br\/index.php\/wp-json\/wp\/v2\/comments?post=503"}],"version-history":[{"count":15,"href":"https:\/\/cinemadosquilombos.com.br\/index.php\/wp-json\/wp\/v2\/pages\/503\/revisions"}],"predecessor-version":[{"id":616,"href":"https:\/\/cinemadosquilombos.com.br\/index.php\/wp-json\/wp\/v2\/pages\/503\/revisions\/616"}],"wp:attachment":[{"href":"https:\/\/cinemadosquilombos.com.br\/index.php\/wp-json\/wp\/v2\/media?parent=503"}],"curies":[{"name":"wp","href":"https:\/\/api.w.org\/{rel}","templated":true}]}}