{"id":754,"date":"2026-04-07T09:40:44","date_gmt":"2026-04-07T12:40:44","guid":{"rendered":"https:\/\/cinemadosquilombos.com.br\/?page_id=754"},"modified":"2026-04-07T14:54:44","modified_gmt":"2026-04-07T17:54:44","slug":"7a-mostra-oya-na-tela","status":"publish","type":"page","link":"https:\/\/cinemadosquilombos.com.br\/","title":{"rendered":"7\u00aa Mostra: Oy\u00e1 na Tela"},"content":{"rendered":"\n<p class=\"has-text-align-center\">PROGRAMA\u00c7\u00c3O<\/p>\n\n\n\n<div class=\"wp-block-columns is-layout-flex wp-container-core-columns-is-layout-1 wp-block-columns-is-layout-flex\">\n<div class=\"wp-block-column is-layout-flow wp-block-column-is-layout-flow\" style=\"flex-basis:100%\">\n<figure class=\"wp-block-gallery has-nested-images columns-default is-cropped wp-block-gallery-1 is-layout-flex wp-block-gallery-is-layout-flex\">\n<figure class=\"wp-block-image size-large is-style-default\"><img fetchpriority=\"high\" decoding=\"async\" width=\"819\" height=\"1024\" src=\"https:\/\/cinemadosquilombos.com.br\/wp-content\/uploads\/2026\/04\/ok-819x1024.png\" alt=\"\" class=\"wp-image-756\" srcset=\"https:\/\/cinemadosquilombos.com.br\/wp-content\/uploads\/2026\/04\/ok-819x1024.png 819w, https:\/\/cinemadosquilombos.com.br\/wp-content\/uploads\/2026\/04\/ok-240x300.png 240w, https:\/\/cinemadosquilombos.com.br\/wp-content\/uploads\/2026\/04\/ok-768x960.png 768w, https:\/\/cinemadosquilombos.com.br\/wp-content\/uploads\/2026\/04\/ok.png 1080w\" sizes=\"(max-width: 819px) 100vw, 819px\" \/><\/figure>\n<\/figure>\n<\/div>\n<\/div>\n\n\n\n<p class=\"has-text-align-center\"><strong>S\u00e1bado &#8211; 11\/4\/26<\/strong><\/p>\n\n\n\n<p><strong>12h &#8211; Feira Preta<\/strong><\/p>\n\n\n\n<p>Afro-empreendedores com seus produtos e comidas.<\/p>\n\n\n\n<p><strong>15h &#8211; Roda de conversa sobre \u201cCinema e afroturismo&#8221;<\/strong><\/p>\n\n\n\n<p>Exibi\u00e7\u00e3o do document\u00e1rio \u201cIvaporanduva: Aqui \u00e9 o nosso e n\u00e3o o eu\u201d.\u00a0<\/p>\n\n\n\n<p>Presen\u00e7a dos moradores do quilombo Ivaporanduva Viviane Luiz Marinho e Laudessandro Marinho da Silva<\/p>\n\n\n\n<p><strong>16h30 &#8211; Interven\u00e7\u00e3o<\/strong> <strong>art\u00edstica<\/strong><\/p>\n\n\n\n<p>Com Instituto Hahaha<\/p>\n\n\n\n<p><strong>17h &#8211; 18h &#8211; Sess\u00e3o infantil<\/strong><\/p>\n\n\n\n<p>Conversa com Maya Kilolo e Luan Manzo. Media\u00e7\u00e3o Diego Souza<\/p>\n\n\n\n<p><strong>Bucala e a boneca&nbsp; Abayomi&nbsp;<\/strong><\/p>\n\n\n\n<p>Curta-metragem. (9 min)&nbsp;<\/p>\n\n\n\n<p>Bucala, a pequena princesa do Quilombo do Cabula, compreende seus poderes ancestrais, conversa com os seres da floresta e costura a hist\u00f3ria do crescer \u00e0s resist\u00eancias dos Quilombos no Brasil. Uma hist\u00f3ria que encanta os imagin\u00e1rios da inf\u00e2ncia a partir da vis\u00e3o de mundo das comunidades afro-brasileiras.&nbsp;<\/p>\n\n\n\n<p><strong>Olhos de er\u00ea<\/strong><\/p>\n\n\n\n<p>Dire\u00e7\u00e3o: Luan Manzo<\/p>\n\n\n\n<p>Belo Horizonte \u2013 MG \/ 2020 \/ 11\u2032 \/ Document\u00e1rio<\/p>\n\n\n\n<p>Luan Manzo tem seis anos e \u00e9 bisneto da matriarca Mametu Muiande do Quilombo Manzo N\u2019gunzo Kaiango, um dos quilombos reconhecidos pela cidade de Belo Horizonte. Fundado em 1970 por um preto velho, pai Benedito, Manzo \u00e9 pal\u00e1cio de rei, governado por uma rainha. Ali germinam sementes e crian\u00e7as, num processo educativo \u2013 a afrobetiza\u00e7\u00e3o \u2013 que afirma a organiza\u00e7\u00e3o, o coletivo, a ancestralidade e a circularidade do povo negro. As crian\u00e7as no quilombo crescem sabendo-se respeitadas, e por isso Luan percorre aqui o espa\u00e7o sagrado, descrevendo-o a n\u00f3s com seguran\u00e7a, conhecimento, rigor e frescor infantil. \u00c9 ele quem, com um celular em m\u00e3os, prop\u00f5e este filme<\/p>\n\n\n\n<p><strong>Kutala<\/strong><\/p>\n\n\n\n<p>Dir.: Fabio Martins e Quilombo Manzo, doc, 6&#8242;, 2025, Quilombo do Manzo &#8211; BH\/MG<\/p>\n\n\n\n<p>O v\u00eddeo retrata as brincadeiras de crian\u00e7as de terreiro do Kilombu Manzo, na observ\u00e2ncia dos mais velhos, as crian\u00e7as mostram a transmiss\u00e3o do saber ancestral \u00e0 gera\u00e7\u00e3o neta, no tempo o passado, presente e futuro.<\/p>\n\n\n\n<p>O Eduka Kilombu, reafirma a nossa matriarca, que o saber Kilombola est\u00e1 plantado nas matas e corre livre nos caminhos das \u00e1guas, onde extra\u00edmos o mais importante&nbsp; sagrado: Ota &#8211; pedra sagrada. No fundo a narrativa da matriarca, em um tempo espiralar que nos confunde a interpreta\u00e7\u00e3o do tempo de ontem no tempo do hoje.<\/p>\n\n\n\n<p><strong>18h \u00e0s 19h30 &#8211; Sess\u00e3o cine<\/strong><\/p>\n\n\n\n<p>Debate com Zica Pires, Carlos Pereira, Makota Kidoiale e Danilo Candombe. Media\u00e7\u00e3o J\u00falia Santos.<\/p>\n\n\n\n<p>Pr\u00e9-lan\u00e7amento do novo filme do diretor Carlos Pereira, da Comunidade Quilombola Kalunga, Cavalcante\/GO<\/p>\n\n\n\n<p><strong>19h30 &#8211; 21h &#8211; Show Congadar<\/strong><\/p>\n\n\n\n<p><\/p>\n\n\n\n<p class=\"has-text-align-center\"><strong>Domingo<\/strong>\u00a0<strong>12\/4\/26<\/strong><\/p>\n\n\n\n<p><strong>12h &#8211; Feira Preta<\/strong><\/p>\n\n\n\n<p>&nbsp;Afro-empreendedores com seus produtos e comidas<\/p>\n\n\n\n<p><strong>14h &#8211; Apresenta\u00e7\u00e3o Kilomboteka &#8211; Ro\u00e7a Liter\u00e1ria<\/strong><\/p>\n\n\n\n<p>Lan\u00e7amento dos livros:<\/p>\n\n\n\n<ul class=\"wp-block-list\">\n<li>Masculinidades Negras na Educa\u00e7\u00e3o de Jovens e Adultos &#8211; Miriam Alves<\/li>\n\n\n\n<li>Cinema Quilombola \u2013 Territorialidade e Territ\u00f3rios Ancestrais (org. Edileuza Penha e Cardes Am\u00e2ncio) &#8211; Gilmara Silva Souza, Patr\u00edcia Maria de Souza Santana e Pedro Henrique Balbino de Souza<\/li>\n<\/ul>\n\n\n\n<p><strong>15h &#8211; Roda de Conversa e filme<\/strong><\/p>\n\n\n\n<p>\u201cCinema como estrat\u00e9gia de fortalecimento da luta pelo territ\u00f3rio\u201d <\/p>\n\n\n\n<p>Exibi\u00e7\u00e3o do document\u00e1rio \u201cMundo preto tem mais vida\u201d\u00a0<\/p>\n\n\n\n<p>Media\u00e7\u00e3o Maya Quilolo, com Zica Pires, Makota, Glaucia Souza (Quilombo Souza)<\/p>\n\n\n\n<p><strong>16h30 Interven\u00e7\u00e3o art\u00edstica <\/strong><\/p>\n\n\n\n<p>Com Instituto Hahaha<\/p>\n\n\n\n<p><strong>17h &#8211; 18h &#8211; Sess\u00e3o infantil&nbsp;<\/strong><\/p>\n\n\n\n<p><strong>Voa Arturos<\/strong><\/p>\n\n\n\n<p>Dir.: Othon de Saboia, fic\u00e7\u00e3o, 6\u2019, 2022, Quilombo dos Arturos \u2013 Contagem\/MG<\/p>\n\n\n\n<p>Uma disputa no c\u00e9u do Quilombo dos Arturos se transforma quando a ancestralidade e a cultura de um povo entram em cena. Gravado em 2022, o curta \u201cVoa Arturos\u201d \u00e9 resultado de uma oficina audiovisual parte do \u201cProjeto de forma\u00e7\u00e3o de agentes culturais \u2013 Comunidade Quilombola dos Arturos\u201d. E foi idealizado, produzido e estrelado pela pr\u00f3pria comunidade.<\/p>\n\n\n\n<p><strong>Disque Quilombola&nbsp;<\/strong><\/p>\n\n\n\n<p>Dir.: David Reeks, doc., 7\u2019, 2012 &#8211; ES&nbsp;<\/p>\n\n\n\n<p>Crian\u00e7as do Esp\u00edrito Santo conversam de um jeito divertido sobre como \u00e9 a vida em uma comunidade quilombola e em um morro na cidade de Vit\u00f3ria. Por meio de uma genu\u00edna brincadeira infantil, os dois grupos falam de suas ra\u00edzes e revelam o quanto a inf\u00e2ncia tem mais semelhan\u00e7as do que diferen\u00e7as.<\/p>\n\n\n\n<p><strong>A m\u00e3e do meu amigo<\/strong><\/p>\n\n\n\n<p>Dir.: Anderson Lima, fic., 7\u2019, 2025 &#8211; Quilombo do Manzo &#8211; BH\/MG<\/p>\n\n\n\n<p>Uma noite do pijama promete ser inesquec\u00edvel para um grupo de amigos. Mas quando as m\u00e3es de dois deles conversam, uma descoberta sobre a religi\u00e3o da fam\u00edlia do anfitri\u00e3o desperta uma rea\u00e7\u00e3o ineperada. De repente, uma amizade sincera se v\u00ea amea\u00e7ada. Em meio \u00e0s d\u00favidas e sentimentos confusos, os meninos precisam lidar com uma realidade dif\u00edcil de compreender.<\/p>\n\n\n\n<p><strong>E o seu dia-a-dia?&nbsp;<\/strong><\/p>\n\n\n\n<p>Dir.: Danilo Candombe, Miguel, Joaquim, Bernardo, Enzo, Eduardo, doc., 10\u2019, 2024, Quilombo do A\u00e7ude \u2013 Serra do Cip\u00f3\/MG<\/p>\n\n\n\n<p>Moradores do quilombo do A\u00e7ude compartilham um pouco de como \u00e9 viver por l\u00e1. Um registro feito pelas crian\u00e7as e jovens, a partir de uma oficina ministrada pelo tamb\u00e9m morador e diretor Danilo Candombe.<\/p>\n\n\n\n<p><strong>18h &#8211; 19h &#8211; Sess\u00e3o<\/strong> <strong>cine<\/strong><\/p>\n\n\n\n<p>Pr\u00e9-lan\u00e7amento do document\u00e1rio&nbsp;<\/p>\n\n\n\n<p><br>A.V.\u00d3 &#8211; ancestralidade viva na oralidade!&nbsp;&nbsp;&nbsp;&nbsp;&nbsp;&nbsp;&nbsp;&nbsp;&nbsp;&nbsp;<\/p>\n\n\n\n<p>&nbsp;Dire\u00e7\u00e3o: Luan Manzo e Fernanda de Oliveira, doc, 29&#8242;, 2025, BH-MG&nbsp;&nbsp;<\/p>\n\n\n\n<p><strong>19h &#8211; 20h30 &#8211; Atra\u00e7\u00e3o musical<\/strong><\/p>\n\n\n\n<p>Palko Aberto<\/p>\n\n\n\n<p><\/p>\n","protected":false},"excerpt":{"rendered":"<p>PROGRAMA\u00c7\u00c3O S\u00e1bado &#8211; 11\/4\/26 12h &#8211; Feira Preta Afro-empreendedores com seus produtos e comidas. 15h &#8211; Roda de conversa sobre \u201cCinema e afroturismo&#8221; Exibi\u00e7\u00e3o do document\u00e1rio \u201cIvaporanduva: Aqui \u00e9 o nosso e n\u00e3o o eu\u201d.\u00a0 Presen\u00e7a dos moradores do quilombo Ivaporanduva Viviane Luiz Marinho e Laudessandro Marinho da Silva 16h30 &#8211; Interven\u00e7\u00e3o art\u00edstica Com Instituto [&hellip;]<\/p>\n","protected":false},"author":1,"featured_media":0,"parent":0,"menu_order":0,"comment_status":"closed","ping_status":"closed","template":"","meta":{"footnotes":""},"class_list":["post-754","page","type-page","status-publish","hentry"],"_links":{"self":[{"href":"https:\/\/cinemadosquilombos.com.br\/index.php\/wp-json\/wp\/v2\/pages\/754"}],"collection":[{"href":"https:\/\/cinemadosquilombos.com.br\/index.php\/wp-json\/wp\/v2\/pages"}],"about":[{"href":"https:\/\/cinemadosquilombos.com.br\/index.php\/wp-json\/wp\/v2\/types\/page"}],"author":[{"embeddable":true,"href":"https:\/\/cinemadosquilombos.com.br\/index.php\/wp-json\/wp\/v2\/users\/1"}],"replies":[{"embeddable":true,"href":"https:\/\/cinemadosquilombos.com.br\/index.php\/wp-json\/wp\/v2\/comments?post=754"}],"version-history":[{"count":7,"href":"https:\/\/cinemadosquilombos.com.br\/index.php\/wp-json\/wp\/v2\/pages\/754\/revisions"}],"predecessor-version":[{"id":766,"href":"https:\/\/cinemadosquilombos.com.br\/index.php\/wp-json\/wp\/v2\/pages\/754\/revisions\/766"}],"wp:attachment":[{"href":"https:\/\/cinemadosquilombos.com.br\/index.php\/wp-json\/wp\/v2\/media?parent=754"}],"curies":[{"name":"wp","href":"https:\/\/api.w.org\/{rel}","templated":true}]}}